{"id":279,"date":"2021-10-03T17:13:27","date_gmt":"2021-10-03T17:13:27","guid":{"rendered":"http:\/\/manel-toulouse.com\/?page_id=279"},"modified":"2021-10-21T11:49:37","modified_gmt":"2021-10-21T11:49:37","slug":"avis","status":"publish","type":"page","link":"https:\/\/manel-toulouse.com\/?page_id=279","title":{"rendered":"Avis"},"content":{"rendered":"\t\t<div data-elementor-type=\"wp-page\" data-elementor-id=\"279\" class=\"elementor elementor-279\" data-elementor-post-type=\"page\">\n\t\t\t\t\t\t<section class=\"elementor-section elementor-top-section elementor-element elementor-element-67f2e327 elementor-section-boxed elementor-section-height-default elementor-section-height-default\" data-id=\"67f2e327\" data-element_type=\"section\" data-e-type=\"section\">\n\t\t\t\t\t\t\t<div class=\"elementor-background-overlay\"><\/div>\n\t\t\t\t\t\t\t<div class=\"elementor-container elementor-column-gap-no\">\n\t\t\t\t\t<div class=\"elementor-column elementor-col-25 elementor-top-column elementor-element elementor-element-57a1d34e\" data-id=\"57a1d34e\" data-element_type=\"column\" data-e-type=\"column\">\n\t\t\t<div class=\"elementor-widget-wrap elementor-element-populated\">\n\t\t\t\t\t\t<div class=\"elementor-element elementor-element-200d59b4 elementor-hidden-mobile elementor-widget elementor-widget-image\" data-id=\"200d59b4\" data-element_type=\"widget\" data-e-type=\"widget\" data-widget_type=\"image.default\">\n\t\t\t\t<div class=\"elementor-widget-container\">\n\t\t\t\t\t\t\t\t\t\t\t\t\t\t\t<img fetchpriority=\"high\" decoding=\"async\" width=\"67\" height=\"1024\" src=\"https:\/\/manel-toulouse.com\/wp-content\/uploads\/2021\/10\/rect-67x1024.png\" class=\"attachment-large size-large wp-image-615\" alt=\"\" srcset=\"https:\/\/manel-toulouse.com\/wp-content\/uploads\/2021\/10\/rect-67x1024.png 67w, https:\/\/manel-toulouse.com\/wp-content\/uploads\/2021\/10\/rect-13x200.png 13w, https:\/\/manel-toulouse.com\/wp-content\/uploads\/2021\/10\/rect-134x2048.png 134w\" sizes=\"(max-width: 67px) 100vw, 67px\" \/>\t\t\t\t\t\t\t\t\t\t\t\t\t\t\t<\/div>\n\t\t\t\t<\/div>\n\t\t\t\t\t<\/div>\n\t\t<\/div>\n\t\t\t\t<div class=\"elementor-column elementor-col-25 elementor-top-column elementor-element elementor-element-3d7f9f5f\" data-id=\"3d7f9f5f\" data-element_type=\"column\" data-e-type=\"column\">\n\t\t\t<div class=\"elementor-widget-wrap elementor-element-populated\">\n\t\t\t\t\t\t<div class=\"elementor-element elementor-element-6ed58ec2 elementor-widget elementor-widget-heading\" data-id=\"6ed58ec2\" data-element_type=\"widget\" data-e-type=\"widget\" data-widget_type=\"heading.default\">\n\t\t\t\t<div class=\"elementor-widget-container\">\n\t\t\t\t\t<h2 class=\"elementor-heading-title elementor-size-default\">Ils nous recommandent<\/h2>\t\t\t\t<\/div>\n\t\t\t\t<\/div>\n\t\t\t\t<div class=\"elementor-element elementor-element-1965a06e elementor-hidden-desktop elementor-hidden-tablet elementor-widget elementor-widget-image\" data-id=\"1965a06e\" data-element_type=\"widget\" data-e-type=\"widget\" data-widget_type=\"image.default\">\n\t\t\t\t<div class=\"elementor-widget-container\">\n\t\t\t\t\t\t\t\t\t\t\t\t\t\t\t<img decoding=\"async\" width=\"742\" height=\"5\" src=\"https:\/\/manel-toulouse.com\/wp-content\/uploads\/2021\/10\/barre.png\" class=\"attachment-large size-large wp-image-532\" alt=\"\" srcset=\"https:\/\/manel-toulouse.com\/wp-content\/uploads\/2021\/10\/barre.png 742w, https:\/\/manel-toulouse.com\/wp-content\/uploads\/2021\/10\/barre-300x2.png 300w, https:\/\/manel-toulouse.com\/wp-content\/uploads\/2021\/10\/barre-200x1.png 200w\" sizes=\"(max-width: 742px) 100vw, 742px\" \/>\t\t\t\t\t\t\t\t\t\t\t\t\t\t\t<\/div>\n\t\t\t\t<\/div>\n\t\t\t\t<div class=\"elementor-element elementor-element-7e4374d elementor-widget elementor-widget-image\" data-id=\"7e4374d\" data-element_type=\"widget\" data-e-type=\"widget\" data-widget_type=\"image.default\">\n\t\t\t\t<div class=\"elementor-widget-container\">\n\t\t\t\t\t\t\t\t\t\t\t\t\t\t\t<img decoding=\"async\" width=\"1024\" height=\"65\" src=\"https:\/\/manel-toulouse.com\/wp-content\/uploads\/2021\/10\/avi-1024x65.png\" class=\"attachment-large size-large wp-image-644\" alt=\"\" srcset=\"https:\/\/manel-toulouse.com\/wp-content\/uploads\/2021\/10\/avi-1024x65.png 1024w, https:\/\/manel-toulouse.com\/wp-content\/uploads\/2021\/10\/avi-300x19.png 300w, https:\/\/manel-toulouse.com\/wp-content\/uploads\/2021\/10\/avi-768x48.png 768w, https:\/\/manel-toulouse.com\/wp-content\/uploads\/2021\/10\/avi-200x13.png 200w, https:\/\/manel-toulouse.com\/wp-content\/uploads\/2021\/10\/avi-1536x97.png 1536w, https:\/\/manel-toulouse.com\/wp-content\/uploads\/2021\/10\/avi-2048x129.png 2048w\" sizes=\"(max-width: 1024px) 100vw, 1024px\" \/>\t\t\t\t\t\t\t\t\t\t\t\t\t\t\t<\/div>\n\t\t\t\t<\/div>\n\t\t\t\t<div class=\"elementor-element elementor-element-9d7ae5f elementor-widget elementor-widget-text-editor\" data-id=\"9d7ae5f\" data-element_type=\"widget\" data-e-type=\"widget\" data-widget_type=\"text-editor.default\">\n\t\t\t\t<div class=\"elementor-widget-container\">\n\t\t\t\t\t\t\t\t\t<p>Pour consulter l&#8217;ensemble de nos avis, n&#8217;h\u00e9sitez pas \u00e0 cliquer sur ce lien :<\/p>\t\t\t\t\t\t\t\t<\/div>\n\t\t\t\t<\/div>\n\t\t\t\t<div class=\"elementor-element elementor-element-dfd036a elementor-widget elementor-widget-image\" data-id=\"dfd036a\" data-element_type=\"widget\" data-e-type=\"widget\" data-widget_type=\"image.default\">\n\t\t\t\t<div class=\"elementor-widget-container\">\n\t\t\t\t\t\t\t\t\t\t\t\t\t\t\t\t<a href=\"https:\/\/www.google.com\/search?q=restaurent+le+manel&#038;rlz=1C5CHFA_enFR964FR964&#038;oq=resta&#038;aqs=chrome.2.69i59l3j69i57j0i433i512j69i61j69i60l2.4697j1j7&#038;sourceid=chrome&#038;ie=UTF-8#lrd=0x12aebca3209dbd93:0xdf93cc4f2115a83,1,,,\">\n\t\t\t\t\t\t\t<img loading=\"lazy\" decoding=\"async\" width=\"433\" height=\"74\" src=\"https:\/\/manel-toulouse.com\/wp-content\/uploads\/2021\/10\/BOUTON-AVIS.png\" class=\"attachment-large size-large wp-image-746\" alt=\"\" srcset=\"https:\/\/manel-toulouse.com\/wp-content\/uploads\/2021\/10\/BOUTON-AVIS.png 433w, https:\/\/manel-toulouse.com\/wp-content\/uploads\/2021\/10\/BOUTON-AVIS-300x51.png 300w, https:\/\/manel-toulouse.com\/wp-content\/uploads\/2021\/10\/BOUTON-AVIS-200x34.png 200w\" sizes=\"(max-width: 433px) 100vw, 433px\" \/>\t\t\t\t\t\t\t\t<\/a>\n\t\t\t\t\t\t\t\t\t\t\t\t\t\t\t<\/div>\n\t\t\t\t<\/div>\n\t\t\t\t<div class=\"elementor-element elementor-element-8d0dd32 elementor-widget elementor-widget-testimonial\" data-id=\"8d0dd32\" data-element_type=\"widget\" data-e-type=\"widget\" data-widget_type=\"testimonial.default\">\n\t\t\t\t<div class=\"elementor-widget-container\">\n\t\t\t\t\t\t\t<div class=\"elementor-testimonial-wrapper\">\n\t\t\t\t\t\t\t<div class=\"elementor-testimonial-content\">\u00c9tant une ancienne cliente, j\u2019ai \u00e9t\u00e9 Tr\u00e8s agr\u00e9ablement surprise par le changement de d\u00e9cor du restaurant, l\u2019int\u00e9rieur est devenu tr\u00e8s classe.\nConcernant le repas, c\u2019est une des meilleures salades c\u00e9sar que j\u2019ai mang\u00e9, Le plat \u00e9tait \u00e9galement tr\u00e8s bon et tr\u00e8s bien pr\u00e9sent\u00e9. Un gros coup de c\u0153ur pour le service de leurs cocktails, une premi\u00e8re \u00e0 Toulouse !! J\u2019avais vu \u00e7a que dans les restaurants parisiens, bravo pour cette nouveaut\u00e9 !\nL\u2019accueil \u00e9tait super, L\u2019\u00e9quipe est top que \u00e7a soit les serveurs, la personne faisant l\u2019accueil \u00e0 l\u2019entr\u00e9e ou le patron, rien \u00e0 dire ! On a pass\u00e9 une agr\u00e9able soir\u00e9e comme d\u2019habitude \ud83d\ude0a<\/div>\n\t\t\t\n\t\t\t\t\t\t<div class=\"elementor-testimonial-meta elementor-has-image elementor-testimonial-image-position-aside\">\n\t\t\t\t<div class=\"elementor-testimonial-meta-inner\">\n\t\t\t\t\t\t\t\t\t\t\t<div class=\"elementor-testimonial-image\">\n\t\t\t\t\t\t\t<img loading=\"lazy\" decoding=\"async\" width=\"200\" height=\"200\" src=\"https:\/\/manel-toulouse.com\/wp-content\/uploads\/2021\/05\/customer-img1.jpg\" class=\"attachment-full size-full wp-image-85\" alt=\"\" srcset=\"https:\/\/manel-toulouse.com\/wp-content\/uploads\/2021\/05\/customer-img1.jpg 200w, https:\/\/manel-toulouse.com\/wp-content\/uploads\/2021\/05\/customer-img1-150x150.jpg 150w\" sizes=\"(max-width: 200px) 100vw, 200px\" \/>\t\t\t\t\t\t<\/div>\n\t\t\t\t\t\n\t\t\t\t\t\t\t\t\t\t<div class=\"elementor-testimonial-details\">\n\t\t\t\t\t\t\t\t\t\t\t\t\t\t<div class=\"elementor-testimonial-name\">Laurence L.<\/div>\n\t\t\t\t\t\t\t\t\t\t\t\t\t\t\t\t\t\t\t<\/div>\n\t\t\t\t\t\t\t\t\t<\/div>\n\t\t\t<\/div>\n\t\t\t\t\t<\/div>\n\t\t\t\t\t\t<\/div>\n\t\t\t\t<\/div>\n\t\t\t\t\t<\/div>\n\t\t<\/div>\n\t\t\t\t<div class=\"elementor-column elementor-col-25 elementor-top-column elementor-element elementor-element-236c8045\" data-id=\"236c8045\" data-element_type=\"column\" data-e-type=\"column\">\n\t\t\t<div class=\"elementor-widget-wrap elementor-element-populated\">\n\t\t\t\t\t\t<div class=\"elementor-element elementor-element-79503ae2 elementor-hidden-mobile elementor-widget elementor-widget-image\" data-id=\"79503ae2\" data-element_type=\"widget\" data-e-type=\"widget\" data-widget_type=\"image.default\">\n\t\t\t\t<div class=\"elementor-widget-container\">\n\t\t\t\t\t\t\t\t\t\t\t\t\t\t\t<img fetchpriority=\"high\" decoding=\"async\" width=\"67\" height=\"1024\" src=\"https:\/\/manel-toulouse.com\/wp-content\/uploads\/2021\/10\/rect-67x1024.png\" class=\"attachment-large size-large wp-image-615\" alt=\"\" srcset=\"https:\/\/manel-toulouse.com\/wp-content\/uploads\/2021\/10\/rect-67x1024.png 67w, https:\/\/manel-toulouse.com\/wp-content\/uploads\/2021\/10\/rect-13x200.png 13w, https:\/\/manel-toulouse.com\/wp-content\/uploads\/2021\/10\/rect-134x2048.png 134w\" sizes=\"(max-width: 67px) 100vw, 67px\" \/>\t\t\t\t\t\t\t\t\t\t\t\t\t\t\t<\/div>\n\t\t\t\t<\/div>\n\t\t\t\t<div class=\"elementor-element elementor-element-445d140f elementor-hidden-mobile elementor-widget elementor-widget-image\" data-id=\"445d140f\" data-element_type=\"widget\" data-e-type=\"widget\" data-widget_type=\"image.default\">\n\t\t\t\t<div class=\"elementor-widget-container\">\n\t\t\t\t\t\t\t\t\t\t\t\t\t\t\t<img fetchpriority=\"high\" decoding=\"async\" width=\"67\" height=\"1024\" src=\"https:\/\/manel-toulouse.com\/wp-content\/uploads\/2021\/10\/rect-67x1024.png\" class=\"attachment-large size-large wp-image-615\" alt=\"\" srcset=\"https:\/\/manel-toulouse.com\/wp-content\/uploads\/2021\/10\/rect-67x1024.png 67w, https:\/\/manel-toulouse.com\/wp-content\/uploads\/2021\/10\/rect-13x200.png 13w, https:\/\/manel-toulouse.com\/wp-content\/uploads\/2021\/10\/rect-134x2048.png 134w\" sizes=\"(max-width: 67px) 100vw, 67px\" \/>\t\t\t\t\t\t\t\t\t\t\t\t\t\t\t<\/div>\n\t\t\t\t<\/div>\n\t\t\t\t\t<\/div>\n\t\t<\/div>\n\t\t\t\t<div class=\"elementor-column elementor-col-25 elementor-top-column elementor-element elementor-element-39718d71\" data-id=\"39718d71\" data-element_type=\"column\" data-e-type=\"column\">\n\t\t\t<div class=\"elementor-widget-wrap elementor-element-populated\">\n\t\t\t\t\t\t<div class=\"elementor-element elementor-element-2b50b8f4 elementor-widget elementor-widget-testimonial\" data-id=\"2b50b8f4\" data-element_type=\"widget\" data-e-type=\"widget\" data-widget_type=\"testimonial.default\">\n\t\t\t\t<div class=\"elementor-widget-container\">\n\t\t\t\t\t\t\t<div class=\"elementor-testimonial-wrapper\">\n\t\t\t\t\t\t\t<div class=\"elementor-testimonial-content\">J'ai \u00e9t\u00e9 stup\u00e9fait par le service propos\u00e9 et par le remodelage de l'\u00e9tablissement.\nLa carte est totalement bien \u00e9quilibr\u00e9e. Les produits sont tr\u00e8s frais et de bonne qualit\u00e9.\nJe recommande fortement ce restaurant.\n+1<\/div>\n\t\t\t\n\t\t\t\t\t\t<div class=\"elementor-testimonial-meta elementor-has-image elementor-testimonial-image-position-aside\">\n\t\t\t\t<div class=\"elementor-testimonial-meta-inner\">\n\t\t\t\t\t\t\t\t\t\t\t<div class=\"elementor-testimonial-image\">\n\t\t\t\t\t\t\t<img loading=\"lazy\" decoding=\"async\" width=\"200\" height=\"200\" src=\"https:\/\/manel-toulouse.com\/wp-content\/uploads\/2021\/05\/customer-1.jpg\" class=\"attachment-full size-full wp-image-82\" alt=\"\" srcset=\"https:\/\/manel-toulouse.com\/wp-content\/uploads\/2021\/05\/customer-1.jpg 200w, https:\/\/manel-toulouse.com\/wp-content\/uploads\/2021\/05\/customer-1-150x150.jpg 150w\" sizes=\"(max-width: 200px) 100vw, 200px\" \/>\t\t\t\t\t\t<\/div>\n\t\t\t\t\t\n\t\t\t\t\t\t\t\t\t\t<div class=\"elementor-testimonial-details\">\n\t\t\t\t\t\t\t\t\t\t\t\t\t\t<div class=\"elementor-testimonial-name\">Bryan Lambert<\/div>\n\t\t\t\t\t\t\t\t\t\t\t\t\t\t\t\t\t\t\t<\/div>\n\t\t\t\t\t\t\t\t\t<\/div>\n\t\t\t<\/div>\n\t\t\t\t\t<\/div>\n\t\t\t\t\t\t<\/div>\n\t\t\t\t<\/div>\n\t\t\t\t<div class=\"elementor-element elementor-element-1fb70b75 elementor-widget elementor-widget-testimonial\" data-id=\"1fb70b75\" data-element_type=\"widget\" data-e-type=\"widget\" data-widget_type=\"testimonial.default\">\n\t\t\t\t<div class=\"elementor-widget-container\">\n\t\t\t\t\t\t\t<div class=\"elementor-testimonial-wrapper\">\n\t\t\t\t\t\t\t<div class=\"elementor-testimonial-content\">Un accueil chaleureux ,une pr\u00e9sentation des plats et des cocktails originale. Une entr\u00e9e copieuse et excellente, suivi de plats aussi magnifiques gustativement que visuellement ! Service rapide, serveur chic  et propre ! Nous reviendrons<\/div>\n\t\t\t\n\t\t\t\t\t\t<div class=\"elementor-testimonial-meta elementor-has-image elementor-testimonial-image-position-aside\">\n\t\t\t\t<div class=\"elementor-testimonial-meta-inner\">\n\t\t\t\t\t\t\t\t\t\t\t<div class=\"elementor-testimonial-image\">\n\t\t\t\t\t\t\t<img loading=\"lazy\" decoding=\"async\" width=\"200\" height=\"200\" src=\"https:\/\/manel-toulouse.com\/wp-content\/uploads\/2021\/05\/customer-img.jpg\" class=\"attachment-full size-full wp-image-84\" alt=\"\" srcset=\"https:\/\/manel-toulouse.com\/wp-content\/uploads\/2021\/05\/customer-img.jpg 200w, https:\/\/manel-toulouse.com\/wp-content\/uploads\/2021\/05\/customer-img-150x150.jpg 150w\" sizes=\"(max-width: 200px) 100vw, 200px\" \/>\t\t\t\t\t\t<\/div>\n\t\t\t\t\t\n\t\t\t\t\t\t\t\t\t\t<div class=\"elementor-testimonial-details\">\n\t\t\t\t\t\t\t\t\t\t\t\t\t\t<div class=\"elementor-testimonial-name\">Lili Sab<\/div>\n\t\t\t\t\t\t\t\t\t\t\t\t\t\t\t\t\t\t\t<\/div>\n\t\t\t\t\t\t\t\t\t<\/div>\n\t\t\t<\/div>\n\t\t\t\t\t<\/div>\n\t\t\t\t\t\t<\/div>\n\t\t\t\t<\/div>\n\t\t\t\t\t<\/div>\n\t\t<\/div>\n\t\t\t\t\t<\/div>\n\t\t<\/section>\n\t\t\t\t<\/div>\n\t\t","protected":false},"excerpt":{"rendered":"<p>Ils nous recommandent Pour consulter l&#8217;ensemble de nos avis, n&#8217;h\u00e9sitez pas \u00e0 cliquer sur ce lien : \u00c9tant une ancienne cliente, j\u2019ai \u00e9t\u00e9 Tr\u00e8s agr\u00e9ablement surprise par le changement de d\u00e9cor du restaurant, l\u2019int\u00e9rieur est devenu tr\u00e8s classe. Concernant le repas, c\u2019est une des meilleures salades c\u00e9sar que j\u2019ai mang\u00e9, Le plat \u00e9tait \u00e9galement tr\u00e8s [&hellip;]<\/p>\n","protected":false},"author":1,"featured_media":0,"parent":0,"menu_order":0,"comment_status":"closed","ping_status":"closed","template":"","meta":{"site-sidebar-layout":"no-sidebar","site-content-layout":"page-builder","ast-site-content-layout":"default","site-content-style":"default","site-sidebar-style":"default","ast-global-header-display":"","ast-banner-title-visibility":"","ast-main-header-display":"","ast-hfb-above-header-display":"","ast-hfb-below-header-display":"","ast-hfb-mobile-header-display":"","site-post-title":"disabled","ast-breadcrumbs-content":"","ast-featured-img":"disabled","footer-sml-layout":"","theme-transparent-header-meta":"default","adv-header-id-meta":"","stick-header-meta":"","header-above-stick-meta":"","header-main-stick-meta":"","header-below-stick-meta":"","astra-migrate-meta-layouts":"default","ast-page-background-enabled":"default","ast-page-background-meta":{"desktop":{"background-color":"","background-image":"","background-repeat":"repeat","background-position":"center center","background-size":"auto","background-attachment":"scroll","background-type":"","background-media":"","overlay-type":"","overlay-color":"","overlay-opacity":"","overlay-gradient":""},"tablet":{"background-color":"","background-image":"","background-repeat":"repeat","background-position":"center center","background-size":"auto","background-attachment":"scroll","background-type":"","background-media":"","overlay-type":"","overlay-color":"","overlay-opacity":"","overlay-gradient":""},"mobile":{"background-color":"","background-image":"","background-repeat":"repeat","background-position":"center center","background-size":"auto","background-attachment":"scroll","background-type":"","background-media":"","overlay-type":"","overlay-color":"","overlay-opacity":"","overlay-gradient":""}},"ast-content-background-meta":{"desktop":{"background-color":"var(--ast-global-color-5)","background-image":"","background-repeat":"repeat","background-position":"center center","background-size":"auto","background-attachment":"scroll","background-type":"","background-media":"","overlay-type":"","overlay-color":"","overlay-opacity":"","overlay-gradient":""},"tablet":{"background-color":"var(--ast-global-color-5)","background-image":"","background-repeat":"repeat","background-position":"center center","background-size":"auto","background-attachment":"scroll","background-type":"","background-media":"","overlay-type":"","overlay-color":"","overlay-opacity":"","overlay-gradient":""},"mobile":{"background-color":"var(--ast-global-color-5)","background-image":"","background-repeat":"repeat","background-position":"center center","background-size":"auto","background-attachment":"scroll","background-type":"","background-media":"","overlay-type":"","overlay-color":"","overlay-opacity":"","overlay-gradient":""}},"footnotes":""},"class_list":["post-279","page","type-page","status-publish","hentry"],"_links":{"self":[{"href":"https:\/\/manel-toulouse.com\/index.php?rest_route=\/wp\/v2\/pages\/279","targetHints":{"allow":["GET"]}}],"collection":[{"href":"https:\/\/manel-toulouse.com\/index.php?rest_route=\/wp\/v2\/pages"}],"about":[{"href":"https:\/\/manel-toulouse.com\/index.php?rest_route=\/wp\/v2\/types\/page"}],"author":[{"embeddable":true,"href":"https:\/\/manel-toulouse.com\/index.php?rest_route=\/wp\/v2\/users\/1"}],"replies":[{"embeddable":true,"href":"https:\/\/manel-toulouse.com\/index.php?rest_route=%2Fwp%2Fv2%2Fcomments&post=279"}],"version-history":[{"count":7,"href":"https:\/\/manel-toulouse.com\/index.php?rest_route=\/wp\/v2\/pages\/279\/revisions"}],"predecessor-version":[{"id":752,"href":"https:\/\/manel-toulouse.com\/index.php?rest_route=\/wp\/v2\/pages\/279\/revisions\/752"}],"wp:attachment":[{"href":"https:\/\/manel-toulouse.com\/index.php?rest_route=%2Fwp%2Fv2%2Fmedia&parent=279"}],"curies":[{"name":"wp","href":"https:\/\/api.w.org\/{rel}","templated":true}]}}